{"id":14,"date":"2017-03-31T17:28:18","date_gmt":"2017-03-31T17:28:18","guid":{"rendered":"https:\/\/www.conservatorioalmendralejo.es\/oniriaelmusical\/?page_id=14"},"modified":"2017-05-30T00:05:20","modified_gmt":"2017-05-29T22:05:20","slug":"home","status":"publish","type":"page","link":"https:\/\/www.conservatorioalmendralejo.es\/oniriaelmusical\/","title":{"rendered":"Home"},"content":{"rendered":"<div class=\"wpb-content-wrapper\"><p>[vc_row video_bg=\u00bbyes\u00bb video_bg_url=\u00bbhttps:\/\/www.youtube.com\/watch?v=m_duFAQj6pU\u00bb css_animation=\u00bbslideInDown\u00bb css=\u00bb.vc_custom_1491421071636{margin-top: -100px !important;padding-bottom: 50px !important;}\u00bb][vc_column][vc_empty_space height=\u00bb150px\u00bb][vc_custom_heading text=\u00bb\u201cExiste un rincon secreto en el interior de cada persona, ese lugar secreto, en donde se guardan las peque\u00f1as o grandes cosas que nos hacen vivir con esa intensidad especial&#8230;\u00ab\u00bb font_container=\u00bbtag:div|font_size:30px|text_align:center|color:%23ffffff|line_height:48px\u00bb use_theme_fonts=\u00bbyes\u00bb css_animation=\u00bbslideInUp\u00bb el_class=\u00bbgt3_subtitle1&#8243; css=\u00bb.vc_custom_1491047501635{padding-bottom: 56px !important;}\u00bb][\/vc_column][vc_column][vc_row_inner][vc_column_inner width=\u00bb1\/2&#8243;][vc_column_text]<img loading=\"lazy\" class=\"wp-image-142 size-medium aligncenter\" src=\"https:\/\/www.conservatorioalmendralejo.es\/oniriaelmusical\/wp-content\/uploads\/2017\/03\/logo_oniria_sin_filete-300x115.png\" alt=\"\" width=\"300\" height=\"115\" srcset=\"https:\/\/www.conservatorioalmendralejo.es\/oniriaelmusical\/wp-content\/uploads\/2017\/03\/logo_oniria_sin_filete-300x115.png 300w, https:\/\/www.conservatorioalmendralejo.es\/oniriaelmusical\/wp-content\/uploads\/2017\/03\/logo_oniria_sin_filete.png 538w\" sizes=\"(max-width: 300px) 100vw, 300px\" \/>[\/vc_column_text][\/vc_column_inner][vc_column_inner width=\u00bb1\/2&#8243;][vc_column_text]<\/p>\n<h3 style=\"text-align: center;\">Descubre la magia:<br \/>\nOniria \u00abEl Musical\u00bb<\/h3>\n<p>[\/vc_column_text][gt3_button button_title=\u00bbVer m\u00e1s&#8230;\u00bb button_alignment=\u00bbcenter\u00bb css_animation=\u00bbslideInUp\u00bb use_reverse_button=\u00bb\u00bb link=\u00bburl:https%3A%2F%2Fwww.conservatorioalmendralejo.es%2Foniriaelmusical%2Foniria-el-musical%2F|||\u00bb][\/vc_column_inner][\/vc_row_inner][\/vc_column][\/vc_row][vc_row css=\u00bb.vc_custom_1491254841349{padding-top: 50px !important;padding-bottom: 50px !important;}\u00bb el_class=\u00bbgt3_home_block02&#8243;][vc_column css_animation=\u00bbbounceInLeft\u00bb width=\u00bb1\/6&#8243;][gt3_counter icon_type=\u00bbimage\u00bb image=\u00bb33&#8243; counter_title=\u00bbALUMNOS EN<br \/>\nESCENA\u00bb counter_value=\u00bb90&#8243; counter_prefix=\u00bb+\u00bb counter_value_size=\u00bb50&#8243; counter_value_color=\u00bb#ffffff\u00bb counter_value_color2=\u00bb\u00bb title_color=\u00bb#ffffff\u00bb][\/vc_column][vc_column css_animation=\u00bbbounceIn\u00bb width=\u00bb1\/6&#8243;][gt3_counter icon_type=\u00bbimage\u00bb image=\u00bb34&#8243; counter_title=\u00bbCANTANTES Y<br \/>\nBAILARINES\u00bb counter_value=\u00bb50&#8243; counter_prefix=\u00bb+\u00bb counter_value_size=\u00bb50&#8243; counter_value_color=\u00bb#ffffff\u00bb counter_value_color2=\u00bb\u00bb title_color=\u00bb#ffffff\u00bb][\/vc_column][vc_column css_animation=\u00bbbounceIn\u00bb width=\u00bb1\/6&#8243;][gt3_counter icon_type=\u00bbimage\u00bb image=\u00bb35&#8243; counter_title=\u00bbMUSICOS EN<br \/>\nORQUESTA Y CORO\u00bb counter_value=\u00bb40&#8243; counter_prefix=\u00bb+\u00bb counter_value_size=\u00bb50&#8243; counter_value_color=\u00bb#ffffff\u00bb counter_value_color2=\u00bb\u00bb title_color=\u00bb#ffffff\u00bb][\/vc_column][vc_column css_animation=\u00bbbounceInRight\u00bb width=\u00bb1\/6&#8243;][gt3_counter icon_type=\u00bbimage\u00bb image=\u00bb36&#8243; counter_title=\u00bbAYUDANTES Y<br \/>\nCOLABORADORES\u00bb counter_value=\u00bb50&#8243; counter_prefix=\u00bb+\u00bb counter_value_size=\u00bb50&#8243; counter_value_color=\u00bb#ffffff\u00bb counter_value_color2=\u00bb\u00bb title_color=\u00bb#ffffff\u00bb][\/vc_column][vc_column width=\u00bb1\/6&#8243;][gt3_counter icon_type=\u00bbimage\u00bb image=\u00bb36&#8243; counter_title=\u00bbPERSONAS<br \/>\nYA LO HAN VISTO\u00bb counter_value=\u00bb6000&#8243; counter_prefix=\u00bb+\u00bb counter_value_size=\u00bb50&#8243; counter_value_color=\u00bb#ffffff\u00bb counter_value_color2=\u00bb\u00bb title_color=\u00bb#ffffff\u00bb][\/vc_column][\/vc_row][vc_row][vc_column][gt3_gallery_kenburns images=\u00bb137,118,147,131,117,130,120,115,101,141,136,138,139,140&#8243; module_height=\u00bb400&#8243; overlay_state=\u00bbon\u00bb][vc_empty_space][\/vc_column][\/vc_row][vc_row css=\u00bb.vc_custom_1491257952193{padding-bottom: 25px !important;}\u00bb][vc_column css_animation=\u00bbslideInLeft\u00bb css=\u00bb.vc_custom_1491257346508{padding-top: 10px !important;}\u00bb][gt3_testimonials use_carousel=\u00bb\u00bb view_type=\u00bb\u00bb][gt3_testimonial_item tstm_author=\u00bbOscar L\u00f3pez\u00bb image=\u00bb74&#8243; select_rate=\u00bbnone\u00bb]<\/p>\n<p style=\"text-align: center;\">\u00a0\u201cNo\u00a0pens\u00e1bamos que esto fuera a salir y mira t\u00fa, hasta d\u00f3nde hemos llegado.<br \/>\nEl l\u00edmite es el infinito.\u00bb<\/p>\n<p>[\/gt3_testimonial_item][\/gt3_testimonials][\/vc_column][\/vc_row][vc_row equal_height=\u00bbyes\u00bb css=\u00bb.vc_custom_1491257959401{padding-bottom: 25px !important;}\u00bb][vc_column css_animation=\u00bbslideInLeft\u00bb width=\u00bb1\/2&#8243; css=\u00bb.vc_custom_1491257293881{border-right-width: 1px !important;border-bottom-width: 1px !important;padding-top: 0px !important;padding-bottom: 5px !important;border-right-color: rgba(117,117,121,0.2) !important;border-right-style: solid !important;border-bottom-color: rgba(117,117,121,0.2) !important;border-bottom-style: solid !important;}\u00bb][gt3_testimonials use_carousel=\u00bb\u00bb view_type=\u00bb\u00bb][gt3_testimonial_item tstm_author=\u00bbMiguel Angel Pulido\u00bb image=\u00bb82&#8243; select_rate=\u00bbnone\u00bb]<\/p>\n<p style=\"text-align: center;\">\u201cSab\u00edamos que un musical iba a llevar un a\u00f1o entero de trabajo, que es lo que hemos dedicado\u201d<\/p>\n<p>[\/gt3_testimonial_item][\/gt3_testimonials][\/vc_column][vc_column css_animation=\u00bbslideInRight\u00bb width=\u00bb1\/2&#8243; css=\u00bb.vc_custom_1491257267521{border-bottom-width: 1px !important;padding-top: 0px !important;padding-bottom: 5px !important;border-bottom-color: rgba(117,117,121,0.2) !important;border-bottom-style: solid !important;}\u00bb][gt3_testimonials use_carousel=\u00bb\u00bb view_type=\u00bb\u00bb][gt3_testimonial_item tstm_author=\u00bbEduardo Ferrer\u00bb image=\u00bb81&#8243; select_rate=\u00bbnone\u00bb]No me cab\u00eda duda de que iba a ser un proyecto bastante potente.[\/gt3_testimonial_item][\/gt3_testimonials][\/vc_column][\/vc_row][vc_row equal_height=\u00bbyes\u00bb css=\u00bb.vc_custom_1491257964818{padding-bottom: 25px !important;}\u00bb][vc_column css_animation=\u00bbslideInLeft\u00bb width=\u00bb1\/2&#8243; css=\u00bb.vc_custom_1491257303361{border-right-width: 1px !important;padding-top: 10px !important;border-right-color: rgba(117,117,121,0.2) !important;border-right-style: solid !important;}\u00bb][gt3_testimonials use_carousel=\u00bb\u00bb view_type=\u00bb\u00bb][gt3_testimonial_item tstm_author=\u00bbAna Mori\u00f1igo\u00bb image=\u00bb524&#8243; select_rate=\u00bbnone\u00bb]<\/p>\n<p style=\"text-align: center;\">\u201cNo ten\u00eda ni idea\u00a0de\u00a0c\u00f3mo pod\u00eda ser, pero ha superado con creces como podr\u00eda quedar Oniria.\u201d<\/p>\n<p>[\/gt3_testimonial_item][\/gt3_testimonials][\/vc_column][vc_column css_animation=\u00bbslideInRight\u00bb width=\u00bb1\/2&#8243; css=\u00bb.vc_custom_1491257312416{padding-top: 10px !important;}\u00bb][gt3_testimonials use_carousel=\u00bb\u00bb view_type=\u00bb\u00bb][gt3_testimonial_item tstm_author=\u00bbFernando Bermejo\u00bb image=\u00bb79&#8243; select_rate=\u00bbnone\u00bb]<\/p>\n<p style=\"text-align: center;\">\u201cUna cosita que al principio era una bolita peque\u00f1ita, cada uno aport\u00e1bamos nuestro grano de arena y al final se convirti\u00f3 en una bola gigantesca\u201d<\/p>\n<p>[\/gt3_testimonial_item][\/gt3_testimonials][\/vc_column][\/vc_row][vc_row equal_height=\u00bbyes\u00bb css=\u00bb.vc_custom_1491257970688{padding-bottom: 25px !important;}\u00bb][vc_column css_animation=\u00bbslideInLeft\u00bb width=\u00bb1\/2&#8243; css=\u00bb.vc_custom_1491257813879{border-right-width: 1px !important;padding-top: 10px !important;border-right-color: rgba(117,117,121,0.2) !important;border-right-style: solid !important;}\u00bb][gt3_testimonials use_carousel=\u00bb\u00bb view_type=\u00bb\u00bb][gt3_testimonial_item tstm_author=\u00bbSusana Diezma\u00bb image=\u00bb78&#8243; select_rate=\u00bbnone\u00bb]<\/p>\n<p style=\"text-align: center;\">\u201cCuando nos embarcamos en esta aventura, yo pensaba: no sabemos d\u00f3nde nos estamos metiendo&#8230; \u201d<\/p>\n<p>[\/gt3_testimonial_item][\/gt3_testimonials][\/vc_column][vc_column css_animation=\u00bbslideInRight\u00bb width=\u00bb1\/2&#8243; css=\u00bb.vc_custom_1491257822405{padding-top: 10px !important;}\u00bb][gt3_testimonials use_carousel=\u00bb\u00bb view_type=\u00bb\u00bb][gt3_testimonial_item tstm_author=\u00bbPedro Cruz\u00bb image=\u00bb77&#8243; select_rate=\u00bbnone\u00bb]<\/p>\n<p style=\"text-align: center;\">\u201cEllos no sab\u00edan lo que tenian entre las manos y era una cosa, como se ha visto, una barbaridad: en belleza, en est\u00e9tica.\u201d<\/p>\n<p>[\/gt3_testimonial_item][\/gt3_testimonials][\/vc_column][\/vc_row][vc_row css=\u00bb.vc_custom_1488996470613{padding-bottom: 100px !important;}\u00bb][vc_column css_animation=\u00bbslideInLeft\u00bb width=\u00bb1\/2&#8243; css=\u00bb.vc_custom_1491257832017{border-right-width: 1px !important;padding-top: 10px !important;border-right-color: rgba(117,117,121,0.2) !important;border-right-style: solid !important;}\u00bb][gt3_testimonials use_carousel=\u00bb\u00bb view_type=\u00bb\u00bb][gt3_testimonial_item tstm_author=\u00bbAurora Murillo\u00bb image=\u00bb76&#8243; select_rate=\u00bbnone\u00bb]<\/p>\n<p style=\"text-align: center;\">\u00a0\u201cPartes con una idea inicial pensando que vas a tener muchas limitaciones y luego te encuentras en el camino no solo la ilusi\u00f3n de los ni\u00f1os sino tambien la colaboraci\u00f3n de los padres.\u201d<\/p>\n<p>[\/gt3_testimonial_item][\/gt3_testimonials][\/vc_column][vc_column css_animation=\u00bbslideInRight\u00bb width=\u00bb1\/2&#8243; css=\u00bb.vc_custom_1491257839463{padding-top: 10px !important;}\u00bb][gt3_testimonials use_carousel=\u00bb\u00bb view_type=\u00bb\u00bb][gt3_testimonial_item tstm_author=\u00bbMar\u00eda Tard\u00edo\u00bb image=\u00bb75&#8243; select_rate=\u00bbnone\u00bb]<\/p>\n<p style=\"text-align: center;\">\u201cPoco a poco se fue involucrando un mont\u00f3n de gente totalmente necesaria. Sin ellos esto hubiera sido imposible.\u201d<\/p>\n<p>[\/gt3_testimonial_item][\/gt3_testimonials][\/vc_column][\/vc_row][vc_row][vc_column][vc_column_text]<\/p>\n<p style=\"text-align: center;\"><img loading=\"lazy\" class=\"alignnone size-medium wp-image-142\" src=\"https:\/\/www.conservatorioalmendralejo.es\/oniriaelmusical\/wp-content\/uploads\/2017\/03\/logo_oniria_sin_filete-300x115.png\" alt=\"\" width=\"300\" height=\"115\" srcset=\"https:\/\/www.conservatorioalmendralejo.es\/oniriaelmusical\/wp-content\/uploads\/2017\/03\/logo_oniria_sin_filete-300x115.png 300w, https:\/\/www.conservatorioalmendralejo.es\/oniriaelmusical\/wp-content\/uploads\/2017\/03\/logo_oniria_sin_filete.png 538w\" sizes=\"(max-width: 300px) 100vw, 300px\" \/><\/p>\n<p>[\/vc_column_text][\/vc_column][\/vc_row]<\/p>\n<\/div>","protected":false},"excerpt":{"rendered":"<p>[vc_row video_bg=\u00bbyes\u00bb video_bg_url=\u00bbhttps:\/\/www.youtube.com\/watch?v=m_duFAQj6pU\u00bb css_animation=\u00bbslideInDown\u00bb css=\u00bb.vc_custom_1491421071636{margin-top: -100px !important;padding-bottom: 50px !important;}\u00bb][vc_column][vc_empty_space height=\u00bb150px\u00bb][vc_custom_heading text=\u00bb\u201cExiste un rincon secreto en el interior de cada persona, ese lugar secreto, en donde se guardan las peque\u00f1as o grandes cosas que nos hacen vivir con esa intensidad especial&#8230;\u00ab\u00bb font_container=\u00bbtag:div|font_size:30px|text_align:center|color:%23ffffff|line_height:48px\u00bb use_theme_fonts=\u00bbyes\u00bb css_animation=\u00bbslideInUp\u00bb el_class=\u00bbgt3_subtitle1&#8243; css=\u00bb.vc_custom_1491047501635{padding-bottom: 56px !important;}\u00bb][\/vc_column][vc_column][vc_row_inner][vc_column_inner width=\u00bb1\/2&#8243;][vc_column_text][\/vc_column_text][\/vc_column_inner][vc_column_inner width=\u00bb1\/2&#8243;][vc_column_text] Descubre la magia: Oniria \u00abEl Musical\u00bb [&hellip;]<\/p>\n","protected":false},"author":4,"featured_media":0,"parent":0,"menu_order":0,"comment_status":"closed","ping_status":"closed","template":"","meta":[],"_links":{"self":[{"href":"https:\/\/www.conservatorioalmendralejo.es\/oniriaelmusical\/wp-json\/wp\/v2\/pages\/14"}],"collection":[{"href":"https:\/\/www.conservatorioalmendralejo.es\/oniriaelmusical\/wp-json\/wp\/v2\/pages"}],"about":[{"href":"https:\/\/www.conservatorioalmendralejo.es\/oniriaelmusical\/wp-json\/wp\/v2\/types\/page"}],"author":[{"embeddable":true,"href":"https:\/\/www.conservatorioalmendralejo.es\/oniriaelmusical\/wp-json\/wp\/v2\/users\/4"}],"replies":[{"embeddable":true,"href":"https:\/\/www.conservatorioalmendralejo.es\/oniriaelmusical\/wp-json\/wp\/v2\/comments?post=14"}],"version-history":[{"count":25,"href":"https:\/\/www.conservatorioalmendralejo.es\/oniriaelmusical\/wp-json\/wp\/v2\/pages\/14\/revisions"}],"predecessor-version":[{"id":1104,"href":"https:\/\/www.conservatorioalmendralejo.es\/oniriaelmusical\/wp-json\/wp\/v2\/pages\/14\/revisions\/1104"}],"wp:attachment":[{"href":"https:\/\/www.conservatorioalmendralejo.es\/oniriaelmusical\/wp-json\/wp\/v2\/media?parent=14"}],"curies":[{"name":"wp","href":"https:\/\/api.w.org\/{rel}","templated":true}]}}