{"id":196,"date":"2017-04-01T19:36:07","date_gmt":"2017-04-01T17:36:07","guid":{"rendered":"https:\/\/www.conservatorioalmendralejo.es\/oniriaelmusical\/?page_id=196"},"modified":"2017-04-05T13:44:11","modified_gmt":"2017-04-05T11:44:11","slug":"vestuario-y-estilismo","status":"publish","type":"page","link":"https:\/\/www.conservatorioalmendralejo.es\/oniriaelmusical\/vestuario-y-estilismo\/","title":{"rendered":"Vestuario y Estilismo"},"content":{"rendered":"<div class=\"wpb-content-wrapper\"><p>[vc_row][vc_column][vc_custom_heading text=\u00bbVESTUARIO, ESTILISMO Y PELUQUER\u00cdA\u00bb font_container=\u00bbtag:h1|text_align:center\u00bb use_theme_fonts=\u00bbyes\u00bb][\/vc_column][\/vc_row][vc_row][vc_column width=\u00bb1\/2&#8243;][vc_column_text]Horas y horas de maquillaje y peluquer\u00eda donde los m\u00e1s peques se tienen que armar de paciencia \u00abadulta\u00bb en las sesiones previas al musical.\u00a0El equipo de estilistas colaboradores, tambi\u00e9n hace magia con sus poderes.[\/vc_column_text][vc_custom_heading text=\u00bbY LA MAGIA SE HACE REALIDAD\u00bb font_container=\u00bbtag:h3|text_align:center\u00bb use_theme_fonts=\u00bbyes\u00bb css_animation=\u00bbfadeInUp\u00bb][gt3_gallery_circles images=\u00bb277,278,282,289&#8243; lightbox=\u00bbon\u00bb title_state=\u00bboff\u00bb module_height=\u00bb400&#8243; autoplay=\u00bbon\u00bb][\/vc_column][vc_column width=\u00bb1\/2&#8243;][gt3_gallery_packery images=\u00bb286,288,301,290,566,567,568,569,570,571&#8243; items_padding=\u00bb5px\u00bb packery_layout=\u00bbpls_5items\u00bb][\/vc_column][\/vc_row][vc_row][vc_column][vc_custom_heading text=\u00bb\u00bfQUIEN HACE ESTA MAGIA?\u00bb font_container=\u00bbtag:h2|text_align:center\u00bb use_theme_fonts=\u00bbyes\u00bb][vc_row_inner][vc_column_inner width=\u00bb1\/2&#8243;][vc_column_text]En Oniria existe un grupo de personas que convierten los sue\u00f1os en realidad, o quiz\u00e1s, la realidad en sue\u00f1os&#8230; Ellas son el equipo de maquillaje y peluquer\u00eda de Oniria \u00abEl Musical\u00bb. Compuesto por la <strong><a href=\"http:\/\/www.escuelakarmensanchez.es\" target=\"_blank\">Escuela de Imagen de Karmen S\u00e1nchez<\/a>\u00a0<\/strong>y por muchas madres voluntarias que hacen posible este delicado, imponente e inmenso trabajo.<\/p>\n<p>Decenas de ni\u00f1os pasan por sus manos en cada actuaci\u00f3n: Entran ni\u00f1os normales y tras horas de trabajo, salen convertidos en Lia, Nina, Gorgonzolas&#8230;.. pura magia&#8230;[\/vc_column_text][\/vc_column_inner][vc_column_inner width=\u00bb1\/2&#8243;][vc_empty_space height=\u00bb50px\u00bb][vc_column_text]<img loading=\"lazy\" class=\"alignnone wp-image-142 size-medium aligncenter\" src=\"https:\/\/www.conservatorioalmendralejo.es\/oniriaelmusical\/wp-content\/uploads\/2017\/03\/logo_oniria_sin_filete-300x115.png\" alt=\"\" width=\"300\" height=\"115\" srcset=\"https:\/\/www.conservatorioalmendralejo.es\/oniriaelmusical\/wp-content\/uploads\/2017\/03\/logo_oniria_sin_filete-300x115.png 300w, https:\/\/www.conservatorioalmendralejo.es\/oniriaelmusical\/wp-content\/uploads\/2017\/03\/logo_oniria_sin_filete.png 538w\" sizes=\"(max-width: 300px) 100vw, 300px\" \/>[\/vc_column_text][\/vc_column_inner][\/vc_row_inner][\/vc_column][\/vc_row]<\/p>\n<\/div>","protected":false},"excerpt":{"rendered":"<p>[vc_row][vc_column][vc_custom_heading text=\u00bbVESTUARIO, ESTILISMO Y PELUQUER\u00cdA\u00bb font_container=\u00bbtag:h1|text_align:center\u00bb use_theme_fonts=\u00bbyes\u00bb][\/vc_column][\/vc_row][vc_row][vc_column width=\u00bb1\/2&#8243;][vc_column_text]Horas y horas de maquillaje y peluquer\u00eda donde los m\u00e1s peques se tienen que armar de paciencia \u00abadulta\u00bb en las sesiones previas al musical.\u00a0El equipo de estilistas colaboradores, tambi\u00e9n hace magia con sus poderes.[\/vc_column_text][vc_custom_heading text=\u00bbY LA MAGIA SE HACE REALIDAD\u00bb font_container=\u00bbtag:h3|text_align:center\u00bb use_theme_fonts=\u00bbyes\u00bb css_animation=\u00bbfadeInUp\u00bb][gt3_gallery_circles images=\u00bb277,278,282,289&#8243; lightbox=\u00bbon\u00bb title_state=\u00bboff\u00bb module_height=\u00bb400&#8243; autoplay=\u00bbon\u00bb][\/vc_column][vc_column [&hellip;]<\/p>\n","protected":false},"author":4,"featured_media":0,"parent":0,"menu_order":0,"comment_status":"closed","ping_status":"closed","template":"","meta":[],"_links":{"self":[{"href":"https:\/\/www.conservatorioalmendralejo.es\/oniriaelmusical\/wp-json\/wp\/v2\/pages\/196"}],"collection":[{"href":"https:\/\/www.conservatorioalmendralejo.es\/oniriaelmusical\/wp-json\/wp\/v2\/pages"}],"about":[{"href":"https:\/\/www.conservatorioalmendralejo.es\/oniriaelmusical\/wp-json\/wp\/v2\/types\/page"}],"author":[{"embeddable":true,"href":"https:\/\/www.conservatorioalmendralejo.es\/oniriaelmusical\/wp-json\/wp\/v2\/users\/4"}],"replies":[{"embeddable":true,"href":"https:\/\/www.conservatorioalmendralejo.es\/oniriaelmusical\/wp-json\/wp\/v2\/comments?post=196"}],"version-history":[{"count":28,"href":"https:\/\/www.conservatorioalmendralejo.es\/oniriaelmusical\/wp-json\/wp\/v2\/pages\/196\/revisions"}],"predecessor-version":[{"id":576,"href":"https:\/\/www.conservatorioalmendralejo.es\/oniriaelmusical\/wp-json\/wp\/v2\/pages\/196\/revisions\/576"}],"wp:attachment":[{"href":"https:\/\/www.conservatorioalmendralejo.es\/oniriaelmusical\/wp-json\/wp\/v2\/media?parent=196"}],"curies":[{"name":"wp","href":"https:\/\/api.w.org\/{rel}","templated":true}]}}