{"id":21,"date":"2017-03-31T17:44:04","date_gmt":"2017-03-31T17:44:04","guid":{"rendered":"https:\/\/www.conservatorioalmendralejo.es\/oniriaelmusical\/?page_id=21"},"modified":"2017-05-30T10:07:26","modified_gmt":"2017-05-30T08:07:26","slug":"oniria-el-musical","status":"publish","type":"page","link":"https:\/\/www.conservatorioalmendralejo.es\/oniriaelmusical\/oniria-el-musical\/","title":{"rendered":"Oniria \u00abEl Musical\u00bb"},"content":{"rendered":"<div class=\"wpb-content-wrapper\"><p>[vc_row][vc_column][vc_custom_heading text=\u00bbONIRIA \u00abEL MUSICAL\u00ab\u00bb font_container=\u00bbtag:h1|text_align:center\u00bb use_theme_fonts=\u00bbyes\u00bb][\/vc_column][\/vc_row][vc_row][vc_column][vc_text_separator title=\u00bbTRAILER DE ONIRIA \u00abEL MUSICAL\u00ab\u00bb][vc_video link=\u00bbhttps:\/\/youtu.be\/m_duFAQj6pU\u00bb][\/vc_column][\/vc_row][vc_row css=\u00bb.vc_custom_1491005044636{background-image: url(https:\/\/www.conservatorioalmendralejo.es\/oniriaelmusical\/wp-content\/uploads\/2017\/03\/15I006_162.jpg?id=131) !important;background-position: center !important;background-repeat: no-repeat !important;background-size: cover !important;}\u00bb][vc_column][vc_custom_heading text=\u00bbOniria es un viaje fant\u00e1stico, donde los sue\u00f1os son el motor que impulsa las emociones de cuatro ni\u00f1os. La magia, los miedos, el amor y la amistad aderezan una historia divertida y tierna&#8230; La historia de una ni\u00f1a inmersa en la controvertida adolescencia, llamada Nina, que de la mano de un misterioso y loco personaje necesita encontrar una llave muy especial.\u00bb font_container=\u00bbtag:div|font_size:25px|text_align:center|line_height:48px\u00bb use_theme_fonts=\u00bbyes\u00bb css_animation=\u00bbslideInUp\u00bb el_class=\u00bbgt3_subtitle1&#8243;][\/vc_column][\/vc_row]<\/p>\n<\/div>","protected":false},"excerpt":{"rendered":"<p>[vc_row][vc_column][vc_custom_heading text=\u00bbONIRIA \u00abEL MUSICAL\u00ab\u00bb font_container=\u00bbtag:h1|text_align:center\u00bb use_theme_fonts=\u00bbyes\u00bb][\/vc_column][\/vc_row][vc_row][vc_column][vc_text_separator title=\u00bbTRAILER DE ONIRIA \u00abEL MUSICAL\u00ab\u00bb][vc_video link=\u00bbhttps:\/\/youtu.be\/m_duFAQj6pU\u00bb][\/vc_column][\/vc_row][vc_row css=\u00bb.vc_custom_1491005044636{background-image: url(https:\/\/www.conservatorioalmendralejo.es\/oniriaelmusical\/wp-content\/uploads\/2017\/03\/15I006_162.jpg?id=131) !important;background-position: center !important;background-repeat: no-repeat !important;background-size: cover !important;}\u00bb][vc_column][vc_custom_heading text=\u00bbOniria es un viaje fant\u00e1stico, donde los sue\u00f1os son el motor que impulsa las emociones de cuatro ni\u00f1os. La magia, los miedos, el amor y la amistad aderezan una historia divertida y tierna&#8230; La [&hellip;]<\/p>\n","protected":false},"author":4,"featured_media":0,"parent":0,"menu_order":0,"comment_status":"closed","ping_status":"closed","template":"","meta":[],"_links":{"self":[{"href":"https:\/\/www.conservatorioalmendralejo.es\/oniriaelmusical\/wp-json\/wp\/v2\/pages\/21"}],"collection":[{"href":"https:\/\/www.conservatorioalmendralejo.es\/oniriaelmusical\/wp-json\/wp\/v2\/pages"}],"about":[{"href":"https:\/\/www.conservatorioalmendralejo.es\/oniriaelmusical\/wp-json\/wp\/v2\/types\/page"}],"author":[{"embeddable":true,"href":"https:\/\/www.conservatorioalmendralejo.es\/oniriaelmusical\/wp-json\/wp\/v2\/users\/4"}],"replies":[{"embeddable":true,"href":"https:\/\/www.conservatorioalmendralejo.es\/oniriaelmusical\/wp-json\/wp\/v2\/comments?post=21"}],"version-history":[{"count":14,"href":"https:\/\/www.conservatorioalmendralejo.es\/oniriaelmusical\/wp-json\/wp\/v2\/pages\/21\/revisions"}],"predecessor-version":[{"id":1105,"href":"https:\/\/www.conservatorioalmendralejo.es\/oniriaelmusical\/wp-json\/wp\/v2\/pages\/21\/revisions\/1105"}],"wp:attachment":[{"href":"https:\/\/www.conservatorioalmendralejo.es\/oniriaelmusical\/wp-json\/wp\/v2\/media?parent=21"}],"curies":[{"name":"wp","href":"https:\/\/api.w.org\/{rel}","templated":true}]}}