{"id":27,"date":"2017-03-31T17:44:31","date_gmt":"2017-03-31T17:44:31","guid":{"rendered":"https:\/\/www.conservatorioalmendralejo.es\/oniriaelmusical\/?page_id=27"},"modified":"2017-04-05T21:48:28","modified_gmt":"2017-04-05T19:48:28","slug":"orquesta-y-coros","status":"publish","type":"page","link":"https:\/\/www.conservatorioalmendralejo.es\/oniriaelmusical\/orquesta-y-coros\/","title":{"rendered":"Orquesta y Coros"},"content":{"rendered":"<div class=\"wpb-content-wrapper\"><p>[vc_row][vc_column][vc_custom_heading text=\u00bbLa Orquesta\u00bb font_container=\u00bbtag:h1|text_align:center\u00bb use_theme_fonts=\u00bbyes\u00bb][\/vc_column][\/vc_row][vc_row][vc_column][gt3_gallery_packery images=\u00bb93,94,95,96,147,98,99,100,101,102,103,104&#8243; button_title=\u00bbVer m\u00e1s\u00bb packery_layout=\u00bbpls_6items\u00bb][\/vc_column][\/vc_row][vc_row parallax=\u00bbcontent-moving\u00bb parallax_image=\u00bb189&#8243; parallax_speed_bg=\u00bb2&#8243; css_animation=\u00bbfadeInDownBig\u00bb css=\u00bb.vc_custom_1491066988501{background-image: url(https:\/\/www.conservatorioalmendralejo.es\/oniriaelmusical\/wp-content\/uploads\/2017\/03\/bg_nombres.jpg?id=189) !important;}\u00bb][vc_column width=\u00bb1\/4&#8243;][vc_custom_heading text=\u00bbViolines\u00bb font_container=\u00bbtag:h3|text_align:center\u00bb][vc_column_text]<\/p>\n<div style=\"text-align: center;\">\n<div>Alba Arias Pascual<br \/>\nJes\u00fas Gallego Guisado<br \/>\nJara Mar\u00eda Roque D\u00edez (profesora)<\/div>\n<\/div>\n<p>[\/vc_column_text][vc_custom_heading text=\u00bbViola\u00bb font_container=\u00bbtag:h3|text_align:center\u00bb][vc_column_text]<\/p>\n<div style=\"text-align: center;\">David Montes Dom\u00ednguez (profesor)<\/div>\n<p>[\/vc_column_text][vc_custom_heading text=\u00bbViolonchelo\u00bb font_container=\u00bbtag:h3|text_align:center\u00bb][vc_column_text]<\/p>\n<div style=\"text-align: center;\">N\u00e9lida Isabel L\u00f3pez Fern\u00e1ndez (profesora)<\/div>\n<p>[\/vc_column_text][vc_custom_heading text=\u00bbContrabajo\u00bb font_container=\u00bbtag:h3|text_align:center\u00bb][vc_column_text]<\/p>\n<div style=\"text-align: center;\">Michael Binder (profesor)<\/div>\n<p>[\/vc_column_text][\/vc_column][vc_column width=\u00bb1\/4&#8243;][vc_custom_heading text=\u00bbFlautas\u00bb font_container=\u00bbtag:h3|text_align:center\u00bb][vc_column_text]<\/p>\n<p style=\"text-align: center;\">Javier Esperilla Moreno<br \/>\nElena Ram\u00edrez S\u00e1nchez<\/p>\n<p>[\/vc_column_text][vc_custom_heading text=\u00bbOboe\u00bb font_container=\u00bbtag:h3|text_align:center\u00bb][vc_column_text]<\/p>\n<p style=\"text-align: center;\">Laura Gonz\u00e1lez Ortiz<\/p>\n<p>[\/vc_column_text][vc_custom_heading text=\u00bbClarinetes\u00bb font_container=\u00bbtag:h3|text_align:center\u00bb][vc_column_text]<\/p>\n<p style=\"text-align: center;\">Gloria Espada Delgado<br \/>\nSonia P\u00e9rez Garc\u00eda<\/p>\n<p>[\/vc_column_text][\/vc_column][vc_column width=\u00bb1\/4&#8243;][vc_custom_heading text=\u00bbTrompetas\u00bb font_container=\u00bbtag:h3|text_align:center\u00bb][vc_column_text]<\/p>\n<div style=\"text-align: center;\">Jes\u00fas Barrag\u00e1n Moral<br \/>\nAbraham S\u00e1nchez Dorado<\/div>\n<p>[\/vc_column_text][vc_custom_heading text=\u00bbTrompas\u00bb font_container=\u00bbtag:h3|text_align:center\u00bb][vc_column_text]<\/p>\n<div style=\"text-align: center;\">Jaime Sanju\u00e1n Sanabria<br \/>\nGome Enrique Tribi\u00f1o Bote<\/div>\n<div style=\"text-align: center;\">Jos\u00e9 Manuel Canseco<br \/>\nPedro Sanju\u00e1n Sanabria<\/div>\n<p>[\/vc_column_text][vc_custom_heading text=\u00bbTrombones\u00bb font_container=\u00bbtag:h3|text_align:center\u00bb][vc_column_text]<\/p>\n<div style=\"text-align: center;\">\u00d3scar Asensio Sayago<br \/>\nAlberto Jos\u00e9 P\u00e9rez Pe\u00f1a<\/div>\n<p>[\/vc_column_text][\/vc_column][vc_column width=\u00bb1\/4&#8243;][vc_custom_heading text=\u00bbPianos\u00bb font_container=\u00bbtag:h3|text_align:center\u00bb][vc_column_text]<\/p>\n<div style=\"text-align: center;\">\n<div>Luc\u00eda Sierra Ramos<br \/>\nAndrea Gonz\u00e1lez Moreno<\/div>\n<\/div>\n<p>[\/vc_column_text][vc_custom_heading text=\u00bbGuitarra el\u00e9ctrica\u00bb font_container=\u00bbtag:h3|text_align:center\u00bb][vc_column_text]<\/p>\n<div style=\"text-align: center;\">Luciano Cala Mart\u00ednez<\/div>\n<p>[\/vc_column_text][vc_custom_heading text=\u00bbBajo\u00bb font_container=\u00bbtag:h3|text_align:center\u00bb][vc_column_text]<\/p>\n<div style=\"text-align: center;\">Fernando Bermejo Herrero (profesor)<\/div>\n<p>[\/vc_column_text][vc_custom_heading text=\u00bbPercusi\u00f3n\u00bb font_container=\u00bbtag:h3|text_align:center\u00bb][vc_column_text]<\/p>\n<div style=\"text-align: center;\">\u00d3scar Hernando Carrascal<br \/>\nRam\u00f3n Pecero Su\u00e1rez<br \/>\nSebasti\u00e1n Garrido Acevedo (profesor)<\/div>\n<p>[\/vc_column_text][\/vc_column][\/vc_row][vc_row][vc_column][vc_custom_heading text=\u00bbDIRECTOR: Miguel Angel Pulido Bermejo\u00bb font_container=\u00bbtag:h4|text_align:center|color:%238473ff\u00bb][\/vc_column][\/vc_row][vc_row][vc_column][gt3_divider divider_align=\u00bbcenter\u00bb divider_width=\u00bb1px\u00bb divider_height=\u00bb100px\u00bb divider_color=\u00bb#ffffff\u00bb][\/vc_column][\/vc_row][vc_row][vc_column][vc_custom_heading text=\u00bbEl Coro\u00bb font_container=\u00bbtag:h1|text_align:center\u00bb use_theme_fonts=\u00bbyes\u00bb][\/vc_column][\/vc_row][vc_row parallax=\u00bbcontent-moving\u00bb parallax_image=\u00bb194&#8243; parallax_speed_bg=\u00bb2&#8243; css_animation=\u00bbfadeIn\u00bb][vc_column width=\u00bb1\/3&#8243;][vc_column_text]<\/p>\n<p style=\"text-align: center;\">Ana Ortega Nuevo<br \/>\nAna Isabel Blanco D\u00edaz<br \/>\nAndrea Garrido Carrasco<br \/>\nDaniel Martos Garc\u00eda<br \/>\nDaniel Eduardo Pardo Matamoros<\/p>\n<p>[\/vc_column_text][\/vc_column][vc_column width=\u00bb1\/3&#8243;][vc_column_text]<\/p>\n<p style=\"text-align: center;\">F\u00e1tima S\u00e1nchez Carrasco<br \/>\nIn\u00e9s Roc\u00edo Mor\u00e1n Gil<br \/>\nJos\u00e9 Kar\u00edn Al\u00e9n G\u00f3mes<br \/>\nLaura Ortiz P\u00e9rez<\/p>\n<p>[\/vc_column_text][\/vc_column][vc_column width=\u00bb1\/3&#8243;][vc_column_text]<\/p>\n<div style=\"text-align: center;\">Mar\u00eda Amigo Naranjo<\/div>\n<div style=\"text-align: center;\">Mar\u00eda Hagiu<\/div>\n<div style=\"text-align: center;\">Mar\u00eda Dolores Garc\u00eda Arg\u00fcello<\/div>\n<div style=\"text-align: center;\">Natalia Garc\u00eda N\u00fa\u00f1ez<\/div>\n<div style=\"text-align: center;\">Noelia Parra Melado<\/div>\n<p>[\/vc_column_text][\/vc_column][\/vc_row][vc_row][vc_column][vc_custom_heading text=\u00bbDIRECCI\u00d3N y TRABAJO VOCAL: Susana Diezma Guerra y Francisco Javier \u00c1lvarez Ramos\u00bb font_container=\u00bbtag:h4|text_align:center|color:%238473ff\u00bb][\/vc_column][\/vc_row][vc_row css_animation=\u00bbfadeInDown\u00bb][vc_column][gt3_divider divider_align=\u00bbcenter\u00bb divider_width=\u00bb1px\u00bb divider_height=\u00bb100px\u00bb divider_color=\u00bb#ffffff\u00bb][vc_custom_heading text=\u00bbT\u00c9CNICO DE SONIDO<br \/>\nManuel S\u00e1nchez G\u00f3mez\u00bb font_container=\u00bbtag:h4|text_align:center|color:%238473ff\u00bb][vc_column_text]<\/p>\n<p style=\"text-align: center;\"><img loading=\"lazy\" class=\"alignnone size-medium wp-image-96\" src=\"https:\/\/www.conservatorioalmendralejo.es\/oniriaelmusical\/wp-content\/uploads\/2017\/03\/15I006_361-300x200.jpg\" alt=\"\" width=\"300\" height=\"200\" srcset=\"https:\/\/www.conservatorioalmendralejo.es\/oniriaelmusical\/wp-content\/uploads\/2017\/03\/15I006_361-300x200.jpg 300w, https:\/\/www.conservatorioalmendralejo.es\/oniriaelmusical\/wp-content\/uploads\/2017\/03\/15I006_361-768x512.jpg 768w, https:\/\/www.conservatorioalmendralejo.es\/oniriaelmusical\/wp-content\/uploads\/2017\/03\/15I006_361-1024x683.jpg 1024w, https:\/\/www.conservatorioalmendralejo.es\/oniriaelmusical\/wp-content\/uploads\/2017\/03\/15I006_361.jpg 1620w\" sizes=\"(max-width: 300px) 100vw, 300px\" \/><\/p>\n<p>[\/vc_column_text][\/vc_column][\/vc_row][vc_row][vc_column][vc_column_text]La orquesta y coro de Oniria \u00abEl Musical\u00bb est\u00e1 formada por alumnado de ense\u00f1anzas elementales y profesionales. El trabajo t\u00e9cnico del coro es semanal dentro del mismo aula, obteniendo as\u00ed un coro homog\u00e9neo, equilibrado y con un alto grado de precisi\u00f3n. La orquesta presenta todos los instrumentos propios de una orquesta sinf\u00f3nica con la incorporaci\u00f3n de instrumentos modernos como son el bajo el\u00e9ctrico, guitarras el\u00e9ctricas, dos sintetizadores y una bater\u00eda. Aunque est\u00e1n representados todos los instrumentos sinf\u00f3nicos, la plantilla no est\u00e1 proporcionada, teniendo en cuenta que contiene solo cinco instrumentistas de cuerda. Por esta raz\u00f3n toda la orquesta va amplificada y es aqu\u00ed donde el trabajo del t\u00e9cnico de sonido es esencial.<\/p>\n<p>El conjunto de integrantes de la orquesta est\u00e1 formado por alumnado de un alto nivel t\u00e9cnico e interpretativo que participa asiduamente en otros proyectos orquestales del conservatorio. Tambi\u00e9n participa un profesorado activo y din\u00e1mico que aportan al conjunto un alto nivel de profesionalidad.<\/p>\n<p>La orquesta y el coro permite al alumnado crecer t\u00e9cnicamente con su instrumento impuls\u00e1ndole con ilusi\u00f3n en su trabajo personal repercutiendo as\u00ed en el aula del tutor. Todas las sesiones de la orquesta se realizan como actividades complementarias fuera del horario lectivo del centro.[\/vc_column_text][vc_column_text]<\/p>\n<p style=\"text-align: center;\"><img loading=\"lazy\" class=\"alignnone size-medium wp-image-142\" src=\"https:\/\/www.conservatorioalmendralejo.es\/oniriaelmusical\/wp-content\/uploads\/2017\/03\/logo_oniria_sin_filete-300x115.png\" alt=\"\" width=\"300\" height=\"115\" srcset=\"https:\/\/www.conservatorioalmendralejo.es\/oniriaelmusical\/wp-content\/uploads\/2017\/03\/logo_oniria_sin_filete-300x115.png 300w, https:\/\/www.conservatorioalmendralejo.es\/oniriaelmusical\/wp-content\/uploads\/2017\/03\/logo_oniria_sin_filete.png 538w\" sizes=\"(max-width: 300px) 100vw, 300px\" \/><\/p>\n<p>[\/vc_column_text][\/vc_column][\/vc_row]<\/p>\n<\/div>","protected":false},"excerpt":{"rendered":"<p>[vc_row][vc_column][vc_custom_heading text=\u00bbLa Orquesta\u00bb font_container=\u00bbtag:h1|text_align:center\u00bb use_theme_fonts=\u00bbyes\u00bb][\/vc_column][\/vc_row][vc_row][vc_column][gt3_gallery_packery images=\u00bb93,94,95,96,147,98,99,100,101,102,103,104&#8243; button_title=\u00bbVer m\u00e1s\u00bb packery_layout=\u00bbpls_6items\u00bb][\/vc_column][\/vc_row][vc_row parallax=\u00bbcontent-moving\u00bb parallax_image=\u00bb189&#8243; parallax_speed_bg=\u00bb2&#8243; css_animation=\u00bbfadeInDownBig\u00bb css=\u00bb.vc_custom_1491066988501{background-image: url(https:\/\/www.conservatorioalmendralejo.es\/oniriaelmusical\/wp-content\/uploads\/2017\/03\/bg_nombres.jpg?id=189) !important;}\u00bb][vc_column width=\u00bb1\/4&#8243;][vc_custom_heading text=\u00bbViolines\u00bb font_container=\u00bbtag:h3|text_align:center\u00bb][vc_column_text] Alba Arias Pascual Jes\u00fas Gallego Guisado Jara Mar\u00eda Roque D\u00edez (profesora) [\/vc_column_text][vc_custom_heading text=\u00bbViola\u00bb font_container=\u00bbtag:h3|text_align:center\u00bb][vc_column_text] David Montes Dom\u00ednguez (profesor) [\/vc_column_text][vc_custom_heading text=\u00bbViolonchelo\u00bb font_container=\u00bbtag:h3|text_align:center\u00bb][vc_column_text] N\u00e9lida Isabel L\u00f3pez Fern\u00e1ndez (profesora) [\/vc_column_text][vc_custom_heading text=\u00bbContrabajo\u00bb font_container=\u00bbtag:h3|text_align:center\u00bb][vc_column_text] Michael Binder (profesor) [\/vc_column_text][\/vc_column][vc_column width=\u00bb1\/4&#8243;][vc_custom_heading text=\u00bbFlautas\u00bb font_container=\u00bbtag:h3|text_align:center\u00bb][vc_column_text] [&hellip;]<\/p>\n","protected":false},"author":4,"featured_media":0,"parent":0,"menu_order":0,"comment_status":"closed","ping_status":"closed","template":"","meta":[],"_links":{"self":[{"href":"https:\/\/www.conservatorioalmendralejo.es\/oniriaelmusical\/wp-json\/wp\/v2\/pages\/27"}],"collection":[{"href":"https:\/\/www.conservatorioalmendralejo.es\/oniriaelmusical\/wp-json\/wp\/v2\/pages"}],"about":[{"href":"https:\/\/www.conservatorioalmendralejo.es\/oniriaelmusical\/wp-json\/wp\/v2\/types\/page"}],"author":[{"embeddable":true,"href":"https:\/\/www.conservatorioalmendralejo.es\/oniriaelmusical\/wp-json\/wp\/v2\/users\/4"}],"replies":[{"embeddable":true,"href":"https:\/\/www.conservatorioalmendralejo.es\/oniriaelmusical\/wp-json\/wp\/v2\/comments?post=27"}],"version-history":[{"count":28,"href":"https:\/\/www.conservatorioalmendralejo.es\/oniriaelmusical\/wp-json\/wp\/v2\/pages\/27\/revisions"}],"predecessor-version":[{"id":632,"href":"https:\/\/www.conservatorioalmendralejo.es\/oniriaelmusical\/wp-json\/wp\/v2\/pages\/27\/revisions\/632"}],"wp:attachment":[{"href":"https:\/\/www.conservatorioalmendralejo.es\/oniriaelmusical\/wp-json\/wp\/v2\/media?parent=27"}],"curies":[{"name":"wp","href":"https:\/\/api.w.org\/{rel}","templated":true}]}}