{"id":29,"date":"2017-03-31T17:44:40","date_gmt":"2017-03-31T17:44:40","guid":{"rendered":"https:\/\/www.conservatorioalmendralejo.es\/oniriaelmusical\/?page_id=29"},"modified":"2017-04-06T03:11:51","modified_gmt":"2017-04-06T01:11:51","slug":"danza","status":"publish","type":"page","link":"https:\/\/www.conservatorioalmendralejo.es\/oniriaelmusical\/danza\/","title":{"rendered":"Danza"},"content":{"rendered":"<div class=\"wpb-content-wrapper\"><p>[vc_row][vc_column][vc_custom_heading text=\u00bbCUERPO DE BAILE\u00bb font_container=\u00bbtag:h1|text_align:center\u00bb use_theme_fonts=\u00bbyes\u00bb][\/vc_column][\/vc_row][vc_row][vc_column][gt3_gallery_packery images=\u00bb107,108,111,112,113,115,116,121,120,117,118,114&#8243; button_title=\u00bbVer m\u00e1s\u00bb packery_layout=\u00bbpls_6items\u00bb][vc_empty_space height=\u00bb50px\u00bb][\/vc_column][\/vc_row][vc_row][vc_column][vc_custom_heading text=\u00bbCOREOGRAF\u00cdAS\u00bb font_container=\u00bbtag:h2|text_align:center\u00bb use_theme_fonts=\u00bbyes\u00bb][\/vc_column][\/vc_row][vc_row parallax=\u00bbcontent-moving\u00bb parallax_image=\u00bb496&#8243; parallax_speed_bg=\u00bb1&#8243;][vc_column][vc_row_inner][vc_column_inner width=\u00bb1\/2&#8243;][vc_custom_heading text=\u00bbMar\u00eda Soledad Gonz\u00e1lez Miranda\u00bb font_container=\u00bbtag:h3|text_align:center\u00bb use_theme_fonts=\u00bbyes\u00bb css_animation=\u00bbslideInUp\u00bb][vc_column_text]<\/p>\n<p style=\"text-align: center;\">\u00abQuiero recordar\u00bb<br \/>\n\u00abFanstamavals\u00bb<\/p>\n<p>[\/vc_column_text][vc_custom_heading text=\u00bbPedro Cruz Pereira\u00bb font_container=\u00bbtag:h3|text_align:center\u00bb use_theme_fonts=\u00bbyes\u00bb css_animation=\u00bbslideInUp\u00bb][vc_column_text]<\/p>\n<p style=\"text-align: center;\">\u00abDonde viven los sue\u00f1os\u00bb<br \/>\n\u00abEntre gatos y ratones\u00bb<br \/>\n\u00abHay un baile que espera\u00bb<\/p>\n<p>[\/vc_column_text][\/vc_column_inner][vc_column_inner width=\u00bb1\/2&#8243;][vc_custom_heading text=\u00bbAurora Murillo Zamorano\u00bb font_container=\u00bbtag:h3|text_align:center\u00bb use_theme_fonts=\u00bbyes\u00bb css_animation=\u00bbslideInUp\u00bb][vc_column_text]<\/p>\n<p style=\"text-align: center;\">\u00abTengo una misi\u00f3n\u00bb<br \/>\n\u00ab\u00a1Ulfo, ven!\u00bb<\/p>\n<p>[\/vc_column_text][vc_custom_heading text=\u00bbInmaculada Garc\u00eda Gramuntell\u00bb font_container=\u00bbtag:h3|text_align:center\u00bb use_theme_fonts=\u00bbyes\u00bb css_animation=\u00bbslideInUp\u00bb][vc_column_text]<\/p>\n<p style=\"text-align: center;\">\u00abQuiero recordar\u00bb<br \/>\n\u00abFanstamavals\u00bb<br \/>\n(coreograf\u00edas originales de M\u00aa Soledad Gonz\u00e1lez Miranda)<\/p>\n<p>[\/vc_column_text][\/vc_column_inner][\/vc_row_inner][vc_column_text]<img loading=\"lazy\" class=\"aligncenter size-medium wp-image-142\" src=\"https:\/\/www.conservatorioalmendralejo.es\/oniriaelmusical\/wp-content\/uploads\/2017\/03\/logo_oniria_sin_filete-300x115.png\" alt=\"\" width=\"300\" height=\"115\" srcset=\"https:\/\/www.conservatorioalmendralejo.es\/oniriaelmusical\/wp-content\/uploads\/2017\/03\/logo_oniria_sin_filete-300x115.png 300w, https:\/\/www.conservatorioalmendralejo.es\/oniriaelmusical\/wp-content\/uploads\/2017\/03\/logo_oniria_sin_filete.png 538w\" sizes=\"(max-width: 300px) 100vw, 300px\" \/>[\/vc_column_text][\/vc_column][\/vc_row][vc_row][vc_column][vc_custom_heading text=\u00bbBAILARINES\u00bb font_container=\u00bbtag:h2|text_align:center\u00bb use_theme_fonts=\u00bbyes\u00bb][vc_column_text]<\/p>\n<h3 style=\"text-align: center;\">ESCUELA DE BALLET PEDRO CRUZ<\/h3>\n<p><strong>Almendralejo:<\/strong> Ainhoa S\u00e1nchez Trejo, Alejandra G\u00f3mez Vaca, Alicia Barroso Soto, Ana Ortiz Tenorio, Andrea Cidoncha Donaire, Antonio S\u00e1nchez Iglesias, Carolina Morillo Gil, Clara Carretero Chac\u00f3n, Clara Undabeytia Cano, Claudia Crespo Castillo, Cristina Diosdado Caballero, Cristina Pi\u00f1ero L\u00f3pez, Eva Fern\u00e1ndez P\u00e9rez, Gema Rangel Puentes, Luc\u00eda Rodrigo Mayorga, Mar\u00eda V\u00e1zquez Palacios, Mar\u00eda Alejandra Pach\u00f3n del \u00c1lamo, Mariana Cruz \u00c1lvarez, Marta Higuera Lavado, Mikel Mart\u00edn Gil, M\u00edriam Amaya Casas, Noelia Ballesteros Mulero, Paula Fern\u00e1ndez Mor\u00e1n, Patricia Parra \u00c1lvarez, Reyes Fuentes Guti\u00e9rrez, Roc\u00edo Pacheco Cort\u00e9s y Victoria Fuentes Guti\u00e9rrez.<\/p>\n<p><strong>Montijo:<\/strong> Claudia S\u00e1nchez Dom\u00ednguez, Elena \u00c1lvarez Nieto, In\u00e9s Teodoro Lima, Luc\u00eda Grande Mart\u00edn, Mar\u00eda Cerrato Soltero y Rub\u00e9n Nieto Garc\u00eda.<\/p>\n<h3 style=\"text-align: center;\">C.O.M. DE ALMENDRALEJO<\/h3>\n<p>Alba Delgado Gonz\u00e1lez, \u00c1ngela Seguro Bote, Beatriz Chabaud Morillo, Blanca Gerv\u00e1s Mari\u00f1as, Elena D\u00edaz S\u00e1nchez, Elena Dur\u00e1n S\u00e1nchez, Estefan\u00eda Nieto Bartivas, Eva Mar\u00eda Garc\u00eda Barrios, Gloria San Miguel Moreno, Isabel Aparicio Soria, Isabel Ortiz Merino, Julia Sanju\u00e1n Sanabria, Julio Bote Seguro, Katerina Raspitina, Mariana Cruz \u00c1lvarez, Mar\u00eda M\u00e1rquez V\u00e1zquez, Marina Garc\u00eda Moriche, Marisol Ardura Vargas, Marta Parra Escribano, Patricia Parra \u00c1lvarez, Rub\u00e9n Hierro Cort\u00e9s y Sara Arias Izquierdo<\/p>\n<h3 style=\"text-align: center;\"><\/h3>\n<p>[\/vc_column_text][\/vc_column][\/vc_row]<\/p>\n<\/div>","protected":false},"excerpt":{"rendered":"<p>[vc_row][vc_column][vc_custom_heading text=\u00bbCUERPO DE BAILE\u00bb font_container=\u00bbtag:h1|text_align:center\u00bb use_theme_fonts=\u00bbyes\u00bb][\/vc_column][\/vc_row][vc_row][vc_column][gt3_gallery_packery images=\u00bb107,108,111,112,113,115,116,121,120,117,118,114&#8243; button_title=\u00bbVer m\u00e1s\u00bb packery_layout=\u00bbpls_6items\u00bb][vc_empty_space height=\u00bb50px\u00bb][\/vc_column][\/vc_row][vc_row][vc_column][vc_custom_heading text=\u00bbCOREOGRAF\u00cdAS\u00bb font_container=\u00bbtag:h2|text_align:center\u00bb use_theme_fonts=\u00bbyes\u00bb][\/vc_column][\/vc_row][vc_row parallax=\u00bbcontent-moving\u00bb parallax_image=\u00bb496&#8243; parallax_speed_bg=\u00bb1&#8243;][vc_column][vc_row_inner][vc_column_inner width=\u00bb1\/2&#8243;][vc_custom_heading text=\u00bbMar\u00eda Soledad Gonz\u00e1lez Miranda\u00bb font_container=\u00bbtag:h3|text_align:center\u00bb use_theme_fonts=\u00bbyes\u00bb css_animation=\u00bbslideInUp\u00bb][vc_column_text] \u00abQuiero recordar\u00bb \u00abFanstamavals\u00bb [\/vc_column_text][vc_custom_heading text=\u00bbPedro Cruz Pereira\u00bb font_container=\u00bbtag:h3|text_align:center\u00bb use_theme_fonts=\u00bbyes\u00bb css_animation=\u00bbslideInUp\u00bb][vc_column_text] \u00abDonde viven los sue\u00f1os\u00bb \u00abEntre gatos y ratones\u00bb \u00abHay un baile que espera\u00bb [\/vc_column_text][\/vc_column_inner][vc_column_inner width=\u00bb1\/2&#8243;][vc_custom_heading text=\u00bbAurora Murillo Zamorano\u00bb font_container=\u00bbtag:h3|text_align:center\u00bb use_theme_fonts=\u00bbyes\u00bb [&hellip;]<\/p>\n","protected":false},"author":4,"featured_media":0,"parent":0,"menu_order":0,"comment_status":"closed","ping_status":"closed","template":"","meta":[],"_links":{"self":[{"href":"https:\/\/www.conservatorioalmendralejo.es\/oniriaelmusical\/wp-json\/wp\/v2\/pages\/29"}],"collection":[{"href":"https:\/\/www.conservatorioalmendralejo.es\/oniriaelmusical\/wp-json\/wp\/v2\/pages"}],"about":[{"href":"https:\/\/www.conservatorioalmendralejo.es\/oniriaelmusical\/wp-json\/wp\/v2\/types\/page"}],"author":[{"embeddable":true,"href":"https:\/\/www.conservatorioalmendralejo.es\/oniriaelmusical\/wp-json\/wp\/v2\/users\/4"}],"replies":[{"embeddable":true,"href":"https:\/\/www.conservatorioalmendralejo.es\/oniriaelmusical\/wp-json\/wp\/v2\/comments?post=29"}],"version-history":[{"count":25,"href":"https:\/\/www.conservatorioalmendralejo.es\/oniriaelmusical\/wp-json\/wp\/v2\/pages\/29\/revisions"}],"predecessor-version":[{"id":753,"href":"https:\/\/www.conservatorioalmendralejo.es\/oniriaelmusical\/wp-json\/wp\/v2\/pages\/29\/revisions\/753"}],"wp:attachment":[{"href":"https:\/\/www.conservatorioalmendralejo.es\/oniriaelmusical\/wp-json\/wp\/v2\/media?parent=29"}],"curies":[{"name":"wp","href":"https:\/\/api.w.org\/{rel}","templated":true}]}}