{"id":296,"date":"2017-04-02T19:11:45","date_gmt":"2017-04-02T17:11:45","guid":{"rendered":"https:\/\/www.conservatorioalmendralejo.es\/oniriaelmusical\/?page_id=296"},"modified":"2017-04-06T12:04:25","modified_gmt":"2017-04-06T10:04:25","slug":"el-making-of","status":"publish","type":"page","link":"https:\/\/www.conservatorioalmendralejo.es\/oniriaelmusical\/el-making-of\/","title":{"rendered":"El \u00abMaking Of\u00bb"},"content":{"rendered":"<div class=\"wpb-content-wrapper\"><p>[vc_row][vc_column][vc_custom_heading text=\u00bbEL MAKING OF DE ONIRIA \u00abEL MUSICAL\u00ab\u00bb font_container=\u00bbtag:h1|text_align:center\u00bb use_theme_fonts=\u00bbyes\u00bb css_animation=\u00bbbounceInUp\u00bb][\/vc_column][\/vc_row][vc_row][vc_column][vc_video link=\u00bbhttps:\/\/youtu.be\/fVw0KFjrUnU\u00bb][\/vc_column][\/vc_row][vc_row][vc_column][vc_text_separator title=\u00bbREALMENTE, ESTO ES ONIRIA\u00bb][vc_row_inner][vc_column_inner width=\u00bb1\/2&#8243;][gt3_gallery_packery images=\u00bb556,321,320,325,328,555,558,557&#8243; packery_layout=\u00bbpls_4items\u00bb][vc_column_text]<img loading=\"lazy\" class=\"alignnone size-medium wp-image-329 aligncenter\" src=\"https:\/\/www.conservatorioalmendralejo.es\/oniriaelmusical\/wp-content\/uploads\/2017\/04\/Gracias_oniria-300x85.png\" alt=\"\" width=\"300\" height=\"85\" srcset=\"https:\/\/www.conservatorioalmendralejo.es\/oniriaelmusical\/wp-content\/uploads\/2017\/04\/Gracias_oniria-300x85.png 300w, https:\/\/www.conservatorioalmendralejo.es\/oniriaelmusical\/wp-content\/uploads\/2017\/04\/Gracias_oniria-768x217.png 768w, https:\/\/www.conservatorioalmendralejo.es\/oniriaelmusical\/wp-content\/uploads\/2017\/04\/Gracias_oniria-1024x289.png 1024w, https:\/\/www.conservatorioalmendralejo.es\/oniriaelmusical\/wp-content\/uploads\/2017\/04\/Gracias_oniria.png 1600w\" sizes=\"(max-width: 300px) 100vw, 300px\" \/>[\/vc_column_text][\/vc_column_inner][vc_column_inner width=\u00bb1\/2&#8243;][vc_column_text]Oniria \u00abEl Musical\u00bb en nuestra representaci\u00f3n es un Mundo M\u00e1gico. En la realidad el significado de Oniria es la ilusi\u00f3n de ni\u00f1os, adultos, profesores, profesionales, familias&#8230; que os queremos\u00a0ense\u00f1ar nuestros sue\u00f1os, el esfuerzo, los valores, el sacrificio, la dedicaci\u00f3n&#8230; Lo que realmente\u00a0nos apasiona es compartir con vosotros esta\u00a0ilusi\u00f3n, la de mostraros\u00a0nuestro trabajo finalizado. Por un solo\u00a0aplauso, una\u00a0sonrisa, una\u00a0l\u00e1grima, una\u00a0emoci\u00f3n que seamos capaces de arrancaros y de sentirla nosotros, por una sola, habr\u00e1 merecido la pena&#8230;[\/vc_column_text][vc_custom_heading text=\u00bby este, el resultado:\u00bb font_container=\u00bbtag:h4|text_align:left\u00bb use_theme_fonts=\u00bbyes\u00bb][vc_video link=\u00bbhttps:\/\/youtu.be\/m_duFAQj6pU\u00bb][\/vc_column_inner][\/vc_row_inner][vc_empty_space height=\u00bb15px\u00bb][vc_text_separator title=\u00bbCONSIGUE UN RECUERDO \u00daNICO\u00bb][\/vc_column][\/vc_row][vc_row][vc_column width=\u00bb2\/3&#8243;][vc_column_text]<strong>DVD:<\/strong> Un magn\u00edfico trabajo de Vitr\u00edn Studios que contiene las representaciones que se hicieron en el teatro L\u00f3pez de Ayala de Badajoz (30 de mayo de 2015) y en el Teatro Carolina Coronado de Almendralejo (29 de noviembre de 2015), as\u00ed como entrevistas a los creadores del musical, profesorado y protagonistas.<\/p>\n<p><strong>CD:<\/strong> Grabado en julio de 2015 con la colaboraci\u00f3n del t\u00e9cnico de sonido Javier Ramallo, incluye los ocho temas del musical.<\/p>\n<p style=\"text-align: center;\"><strong>DVD 10\u20ac<\/strong><br \/>\n<strong>CD 5\u20ac<\/strong><br \/>\n<strong>DVD+CD 12\u20ac<\/strong><\/p>\n<p style=\"text-align: center;\">De venta en el Conservatorio Oficial de M\u00fasica de Almendralejo<\/p>\n<p>[\/vc_column_text][\/vc_column][vc_column width=\u00bb1\/3&#8243;][vc_column_text]<img loading=\"lazy\" class=\"size-medium wp-image-806 aligncenter\" src=\"https:\/\/www.conservatorioalmendralejo.es\/oniriaelmusical\/wp-content\/uploads\/2017\/04\/dvd_venta-192x300.png\" alt=\"\" width=\"192\" height=\"300\" srcset=\"https:\/\/www.conservatorioalmendralejo.es\/oniriaelmusical\/wp-content\/uploads\/2017\/04\/dvd_venta-192x300.png 192w, https:\/\/www.conservatorioalmendralejo.es\/oniriaelmusical\/wp-content\/uploads\/2017\/04\/dvd_venta-654x1024.png 654w, https:\/\/www.conservatorioalmendralejo.es\/oniriaelmusical\/wp-content\/uploads\/2017\/04\/dvd_venta.png 747w\" sizes=\"(max-width: 192px) 100vw, 192px\" \/>[\/vc_column_text][\/vc_column][\/vc_row]<\/p>\n<\/div>","protected":false},"excerpt":{"rendered":"<p>[vc_row][vc_column][vc_custom_heading text=\u00bbEL MAKING OF DE ONIRIA \u00abEL MUSICAL\u00ab\u00bb font_container=\u00bbtag:h1|text_align:center\u00bb use_theme_fonts=\u00bbyes\u00bb css_animation=\u00bbbounceInUp\u00bb][\/vc_column][\/vc_row][vc_row][vc_column][vc_video link=\u00bbhttps:\/\/youtu.be\/fVw0KFjrUnU\u00bb][\/vc_column][\/vc_row][vc_row][vc_column][vc_text_separator title=\u00bbREALMENTE, ESTO ES ONIRIA\u00bb][vc_row_inner][vc_column_inner width=\u00bb1\/2&#8243;][gt3_gallery_packery images=\u00bb556,321,320,325,328,555,558,557&#8243; packery_layout=\u00bbpls_4items\u00bb][vc_column_text][\/vc_column_text][\/vc_column_inner][vc_column_inner width=\u00bb1\/2&#8243;][vc_column_text]Oniria \u00abEl Musical\u00bb en nuestra representaci\u00f3n es un Mundo M\u00e1gico. En la realidad el significado de Oniria es la ilusi\u00f3n de ni\u00f1os, adultos, profesores, profesionales, familias&#8230; que os queremos\u00a0ense\u00f1ar nuestros sue\u00f1os, el esfuerzo, los valores, el [&hellip;]<\/p>\n","protected":false},"author":4,"featured_media":0,"parent":0,"menu_order":0,"comment_status":"closed","ping_status":"closed","template":"","meta":[],"_links":{"self":[{"href":"https:\/\/www.conservatorioalmendralejo.es\/oniriaelmusical\/wp-json\/wp\/v2\/pages\/296"}],"collection":[{"href":"https:\/\/www.conservatorioalmendralejo.es\/oniriaelmusical\/wp-json\/wp\/v2\/pages"}],"about":[{"href":"https:\/\/www.conservatorioalmendralejo.es\/oniriaelmusical\/wp-json\/wp\/v2\/types\/page"}],"author":[{"embeddable":true,"href":"https:\/\/www.conservatorioalmendralejo.es\/oniriaelmusical\/wp-json\/wp\/v2\/users\/4"}],"replies":[{"embeddable":true,"href":"https:\/\/www.conservatorioalmendralejo.es\/oniriaelmusical\/wp-json\/wp\/v2\/comments?post=296"}],"version-history":[{"count":23,"href":"https:\/\/www.conservatorioalmendralejo.es\/oniriaelmusical\/wp-json\/wp\/v2\/pages\/296\/revisions"}],"predecessor-version":[{"id":812,"href":"https:\/\/www.conservatorioalmendralejo.es\/oniriaelmusical\/wp-json\/wp\/v2\/pages\/296\/revisions\/812"}],"wp:attachment":[{"href":"https:\/\/www.conservatorioalmendralejo.es\/oniriaelmusical\/wp-json\/wp\/v2\/media?parent=296"}],"curies":[{"name":"wp","href":"https:\/\/api.w.org\/{rel}","templated":true}]}}